{"id":78,"date":"2011-10-16T21:47:51","date_gmt":"2011-10-16T23:47:51","guid":{"rendered":"http:\/\/breath.themoholics.com\/?page_id=78"},"modified":"2024-01-11T14:20:33","modified_gmt":"2024-01-11T17:20:33","slug":"contato","status":"publish","type":"page","link":"https:\/\/zorzalterraplenagem.com.br\/site\/contato\/","title":{"rendered":"Contato"},"content":{"rendered":"\t\t<div data-elementor-type=\"wp-page\" data-elementor-id=\"78\" class=\"elementor elementor-78\">\n\t\t\t\t\t\t\t<div class=\"elementor-element elementor-element-3dca5a7 elementor-hidden-desktop elementor-hidden-tablet elementor-hidden-mobile e-flex e-con-boxed e-con e-parent\" data-id=\"3dca5a7\" data-element_type=\"container\" data-settings=\"{&quot;content_width&quot;:&quot;boxed&quot;}\" data-core-v316-plus=\"true\">\n\t\t\t\t\t<div class=\"e-con-inner\">\n\t\t<div class=\"elementor-element elementor-element-837b36b e-con-full e-flex e-con e-child\" data-id=\"837b36b\" data-element_type=\"container\" data-settings=\"{&quot;content_width&quot;:&quot;full&quot;}\">\n\t\t\t\t<div class=\"elementor-element elementor-element-18f3842a elementor-widget elementor-widget-text-editor\" data-id=\"18f3842a\" data-element_type=\"widget\" data-widget_type=\"text-editor.default\">\n\t\t\t\t<div class=\"elementor-widget-container\">\n\t\t\t<style>\/*! elementor - v3.16.0 - 14-09-2023 *\/\n.elementor-widget-text-editor.elementor-drop-cap-view-stacked .elementor-drop-cap{background-color:#69727d;color:#fff}.elementor-widget-text-editor.elementor-drop-cap-view-framed .elementor-drop-cap{color:#69727d;border:3px solid;background-color:transparent}.elementor-widget-text-editor:not(.elementor-drop-cap-view-default) .elementor-drop-cap{margin-top:8px}.elementor-widget-text-editor:not(.elementor-drop-cap-view-default) .elementor-drop-cap-letter{width:1em;height:1em}.elementor-widget-text-editor .elementor-drop-cap{float:left;text-align:center;line-height:1;font-size:50px}.elementor-widget-text-editor .elementor-drop-cap-letter{display:inline-block}<\/style>\t\t\t\t<h3><a href=\"https:\/\/zorzalterraplenagem.com.br\/site\/contato\/orcamentos\/\">Envie o or\u00e7amento de sua obra!!!<\/a><\/h3><p><a href=\"https:\/\/zorzalterraplenagem.com.br\/site\/contato\/orcamentos\/\"><img decoding=\"async\" loading=\"lazy\" class=\"alignnone size-full wp-image-1083 imgborder\" src=\"https:\/\/zorzalterraplenagem.com.br\/site\/wp-content\/uploads\/2011\/10\/orcamento.jpg\" alt=\"orcamento\" width=\"640\" height=\"110\" \/><\/a><br \/>\n<div class=\"wpcf7 no-js\" id=\"wpcf7-f1093-o1\" lang=\"en-US\" dir=\"ltr\">\n<div class=\"screen-reader-response\"><p role=\"status\" aria-live=\"polite\" aria-atomic=\"true\"><\/p> <ul><\/ul><\/div>\n<form action=\"\/site\/wp-json\/wp\/v2\/pages\/78#wpcf7-f1093-o1\" method=\"post\" class=\"wpcf7-form init\" aria-label=\"Contact form\" novalidate=\"novalidate\" data-status=\"init\">\n<div style=\"display: none;\">\n<input type=\"hidden\" name=\"_wpcf7\" value=\"1093\" \/>\n<input type=\"hidden\" name=\"_wpcf7_version\" value=\"5.8.6\" \/>\n<input type=\"hidden\" name=\"_wpcf7_locale\" value=\"en_US\" \/>\n<input type=\"hidden\" name=\"_wpcf7_unit_tag\" value=\"wpcf7-f1093-o1\" \/>\n<input type=\"hidden\" name=\"_wpcf7_container_post\" value=\"0\" \/>\n<input type=\"hidden\" name=\"_wpcf7_posted_data_hash\" value=\"\" \/>\n<input type=\"hidden\" name=\"_wpcf7_recaptcha_response\" value=\"\" \/>\n<\/div>\n<h3>Formul\u00e1rio de Or\u00e7amento\n<\/h3>\n<p>Seu nome (obrigat\u00f3rio)\n<\/p>\n<p><span class=\"wpcf7-form-control-wrap\" data-name=\"your-name\"><input size=\"40\" class=\"wpcf7-form-control wpcf7-text wpcf7-validates-as-required\" aria-required=\"true\" aria-invalid=\"false\" value=\"\" type=\"text\" name=\"your-name\" \/><\/span>\n<\/p>\n<p>Sua empresa\n<\/p>\n<p><span class=\"wpcf7-form-control-wrap\" data-name=\"text-312\"><input size=\"40\" class=\"wpcf7-form-control wpcf7-text\" aria-invalid=\"false\" value=\"\" type=\"text\" name=\"text-312\" \/><\/span>\n<\/p>\n<p>Telefone de contato\n<\/p>\n<p><span class=\"wpcf7-form-control-wrap\" data-name=\"tel-396\"><input size=\"40\" class=\"wpcf7-form-control wpcf7-tel wpcf7-text wpcf7-validates-as-tel\" aria-invalid=\"false\" value=\"\" type=\"tel\" name=\"tel-396\" \/><\/span>\n<\/p>\n<p>Seu e-mail (obrigat\u00f3rio)\n<\/p>\n<p><span class=\"wpcf7-form-control-wrap\" data-name=\"your-email\"><input size=\"40\" class=\"wpcf7-form-control wpcf7-email wpcf7-validates-as-required wpcf7-text wpcf7-validates-as-email\" aria-required=\"true\" aria-invalid=\"false\" value=\"\" type=\"email\" name=\"your-email\" \/><\/span>\n<\/p>\n<p>Assunto\n<\/p>\n<p><span class=\"wpcf7-form-control-wrap\" data-name=\"your-subject\"><input size=\"40\" class=\"wpcf7-form-control wpcf7-text wpcf7-validates-as-required\" aria-required=\"true\" aria-invalid=\"false\" value=\"\" type=\"text\" name=\"your-subject\" \/><\/span>\n<\/p>\n<p>Descreva servi\u00e7o(s) e observa\u00e7\u00f5es.\n<\/p>\n<p><span class=\"wpcf7-form-control-wrap\" data-name=\"your-message\"><textarea cols=\"40\" rows=\"10\" class=\"wpcf7-form-control wpcf7-textarea\" aria-invalid=\"false\" name=\"your-message\"><\/textarea><\/span>\n<\/p>\n<p><input class=\"wpcf7-form-control wpcf7-submit has-spinner\" type=\"submit\" value=\"Enviar\" \/>\n<\/p><div class=\"wpcf7-response-output\" aria-hidden=\"true\"><\/div>\n<\/form>\n<\/div>\n<\/p>\t\t\t\t\t\t<\/div>\n\t\t\t\t<\/div>\n\t\t\t\t<\/div>\n\t\t<div class=\"elementor-element elementor-element-96b9d45 e-con-full e-flex e-con e-child\" data-id=\"96b9d45\" data-element_type=\"container\" data-settings=\"{&quot;content_width&quot;:&quot;full&quot;}\">\n\t\t\t\t<div class=\"elementor-element elementor-element-465482e elementor-widget elementor-widget-text-editor\" data-id=\"465482e\" data-element_type=\"widget\" data-widget_type=\"text-editor.default\">\n\t\t\t\t<div class=\"elementor-widget-container\">\n\t\t\t\t\t\t\t<h3><a href=\"https:\/\/zorzalterraplenagem.com.br\/site\/contato\/oportunidades\/\">Envie seu curriculo venha fazer parte do nosso time!!!<\/a><\/h3><p><a href=\"https:\/\/zorzalterraplenagem.com.br\/site\/contato\/oportunidades\/\"><img decoding=\"async\" loading=\"lazy\" class=\"alignnone size-full wp-image-1081 imgborder\" src=\"https:\/\/zorzalterraplenagem.com.br\/site\/wp-content\/uploads\/2011\/10\/equipe.jpg\" alt=\"equipe\" width=\"640\" height=\"110\" srcset=\"https:\/\/zorzalterraplenagem.com.br\/site\/wp-content\/uploads\/2011\/10\/equipe.jpg 640w, https:\/\/zorzalterraplenagem.com.br\/site\/wp-content\/uploads\/2011\/10\/equipe-604x103.jpg 604w, https:\/\/zorzalterraplenagem.com.br\/site\/wp-content\/uploads\/2011\/10\/equipe-634x110.jpg 634w\" sizes=\"(max-width: 640px) 100vw, 640px\" \/><\/a><br \/>\n<div class=\"wpcf7 no-js\" id=\"wpcf7-f1095-o2\" lang=\"en-US\" dir=\"ltr\">\n<div class=\"screen-reader-response\"><p role=\"status\" aria-live=\"polite\" aria-atomic=\"true\"><\/p> <ul><\/ul><\/div>\n<form action=\"\/site\/wp-json\/wp\/v2\/pages\/78#wpcf7-f1095-o2\" method=\"post\" class=\"wpcf7-form init\" aria-label=\"Contact form\" enctype=\"multipart\/form-data\" novalidate=\"novalidate\" data-status=\"init\">\n<div style=\"display: none;\">\n<input type=\"hidden\" name=\"_wpcf7\" value=\"1095\" \/>\n<input type=\"hidden\" name=\"_wpcf7_version\" value=\"5.8.6\" \/>\n<input type=\"hidden\" name=\"_wpcf7_locale\" value=\"en_US\" \/>\n<input type=\"hidden\" name=\"_wpcf7_unit_tag\" value=\"wpcf7-f1095-o2\" \/>\n<input type=\"hidden\" name=\"_wpcf7_container_post\" value=\"0\" \/>\n<input type=\"hidden\" name=\"_wpcf7_posted_data_hash\" value=\"\" \/>\n<input type=\"hidden\" name=\"_wpcf7_recaptcha_response\" value=\"\" \/>\n<\/div>\n<h3>Envie seu curr\u00edculo\n<\/h3>\n<p>Seu nome (obrigat\u00f3rio)\n<\/p>\n<p><span class=\"wpcf7-form-control-wrap\" data-name=\"your-name\"><input size=\"40\" class=\"wpcf7-form-control wpcf7-text wpcf7-validates-as-required\" aria-required=\"true\" aria-invalid=\"false\" value=\"\" type=\"text\" name=\"your-name\" \/><\/span>\n<\/p>\n<p>Seu telefone\n<\/p>\n<p><span class=\"wpcf7-form-control-wrap\" data-name=\"tel-805\"><input size=\"40\" class=\"wpcf7-form-control wpcf7-tel wpcf7-text wpcf7-validates-as-tel\" aria-invalid=\"false\" value=\"\" type=\"tel\" name=\"tel-805\" \/><\/span>\n<\/p>\n<p>Seu e-mail (obrigat\u00f3rio)\n<\/p>\n<p><span class=\"wpcf7-form-control-wrap\" data-name=\"your-email\"><input size=\"40\" class=\"wpcf7-form-control wpcf7-email wpcf7-validates-as-required wpcf7-text wpcf7-validates-as-email\" aria-required=\"true\" aria-invalid=\"false\" value=\"\" type=\"email\" name=\"your-email\" \/><\/span>\n<\/p>\n<p>Fa\u00e7a o upload do seu curr\u00edculo\n<\/p>\n<p><span class=\"wpcf7-form-control-wrap\" data-name=\"file-279\"><input size=\"40\" class=\"wpcf7-form-control wpcf7-file\" accept=\"audio\/*,video\/*,image\/*\" aria-invalid=\"false\" type=\"file\" name=\"file-279\" \/><\/span>\n<\/p>\n<p>\u00c1rea de interesse\n<\/p>\n<p><span class=\"wpcf7-form-control-wrap\" data-name=\"your-subject\"><input size=\"40\" class=\"wpcf7-form-control wpcf7-text wpcf7-validates-as-required\" aria-required=\"true\" aria-invalid=\"false\" value=\"\" type=\"text\" name=\"your-subject\" \/><\/span>\n<\/p>\n<p>Breve coment\u00e1rio\n<\/p>\n<p><span class=\"wpcf7-form-control-wrap\" data-name=\"your-message\"><textarea cols=\"40\" rows=\"10\" class=\"wpcf7-form-control wpcf7-textarea\" aria-invalid=\"false\" name=\"your-message\"><\/textarea><\/span>\n<\/p>\n<p><input class=\"wpcf7-form-control wpcf7-submit has-spinner\" type=\"submit\" value=\"Enviar\" \/>\n<\/p><div class=\"wpcf7-response-output\" aria-hidden=\"true\"><\/div>\n<\/form>\n<\/div>\n<\/p>\t\t\t\t\t\t<\/div>\n\t\t\t\t<\/div>\n\t\t\t\t<\/div>\n\t\t\t\t\t<\/div>\n\t\t\t\t<\/div>\n\t\t<div class=\"elementor-element elementor-element-f7f0c41 e-flex e-con-boxed e-con e-parent\" data-id=\"f7f0c41\" data-element_type=\"container\" data-settings=\"{&quot;content_width&quot;:&quot;boxed&quot;}\" data-core-v316-plus=\"true\">\n\t\t\t\t\t<div class=\"e-con-inner\">\n\t\t\t\t<div class=\"elementor-element elementor-element-732d491 elementor-widget elementor-widget-text-editor\" data-id=\"732d491\" data-element_type=\"widget\" data-widget_type=\"text-editor.default\">\n\t\t\t\t<div class=\"elementor-widget-container\">\n\t\t\t\t\t\t\t<p><strong>Contato<\/strong><\/p><p>(27) 3236-7550<\/p><p><strong>E-mail<\/strong><\/p><p><span class=\"d-m-none\">zorzal@zorzalterraplenagem.com.br<\/span><\/p><p><strong>Localiza\u00e7\u00e3o<\/strong><\/p><p>Rua Domingos Dadalto 15, Cariacica, ES, 29150-790<\/p><p><a href=\"https:\/\/www.bing.com\/maps?osid=ed82e1be-47ee-4a76-afaa-5e9a4f296a86&amp;cp=-20.337206~-40.385841&amp;lvl=16&amp;imgid=d34fb783-107f-467c-97f1-96322c4359a0&amp;v=2&amp;sV=2&amp;form=S00027\">Veja no mapa<\/a><\/p>\t\t\t\t\t\t<\/div>\n\t\t\t\t<\/div>\n\t\t\t\t\t<\/div>\n\t\t\t\t<\/div>\n\t\t\t\t\t\t\t<\/div>\n\t\t","protected":false},"excerpt":{"rendered":"<p>Envie o or\u00e7amento de sua obra!!! Envie seu curriculo venha fazer parte do nosso time!!! Contato (27) 3236-7550 E-mail zorzal@zorzalterraplenagem.com.br Localiza\u00e7\u00e3o Rua Domingos Dadalto 15, Cariacica, ES, 29150-790 Veja no mapa<\/p>\n","protected":false},"author":1,"featured_media":0,"parent":0,"menu_order":0,"comment_status":"closed","ping_status":"closed","template":"","meta":{"footnotes":""},"acf":[],"_links":{"self":[{"href":"https:\/\/zorzalterraplenagem.com.br\/site\/wp-json\/wp\/v2\/pages\/78"}],"collection":[{"href":"https:\/\/zorzalterraplenagem.com.br\/site\/wp-json\/wp\/v2\/pages"}],"about":[{"href":"https:\/\/zorzalterraplenagem.com.br\/site\/wp-json\/wp\/v2\/types\/page"}],"author":[{"embeddable":true,"href":"https:\/\/zorzalterraplenagem.com.br\/site\/wp-json\/wp\/v2\/users\/1"}],"replies":[{"embeddable":true,"href":"https:\/\/zorzalterraplenagem.com.br\/site\/wp-json\/wp\/v2\/comments?post=78"}],"version-history":[{"count":3,"href":"https:\/\/zorzalterraplenagem.com.br\/site\/wp-json\/wp\/v2\/pages\/78\/revisions"}],"predecessor-version":[{"id":2935,"href":"https:\/\/zorzalterraplenagem.com.br\/site\/wp-json\/wp\/v2\/pages\/78\/revisions\/2935"}],"wp:attachment":[{"href":"https:\/\/zorzalterraplenagem.com.br\/site\/wp-json\/wp\/v2\/media?parent=78"}],"curies":[{"name":"wp","href":"https:\/\/api.w.org\/{rel}","templated":true}]}}