{"id":13,"date":"2011-10-16T17:44:37","date_gmt":"2011-10-16T17:44:37","guid":{"rendered":"http:\/\/breath.themoholics.com\/?page_id=8"},"modified":"2023-09-26T11:49:32","modified_gmt":"2023-09-26T14:49:32","slug":"home","status":"publish","type":"page","link":"https:\/\/zorzalterraplenagem.com.br\/site\/","title":{"rendered":"Home"},"content":{"rendered":"\t\t<div data-elementor-type=\"wp-page\" data-elementor-id=\"13\" class=\"elementor elementor-13\">\n\t\t\t\t\t\t\t\t\t<section class=\"elementor-section elementor-top-section elementor-element elementor-element-cee864e elementor-section-full_width elementor-section-stretched elementor-section-height-default elementor-section-height-default\" data-id=\"cee864e\" data-element_type=\"section\" data-settings=\"{&quot;stretch_section&quot;:&quot;section-stretched&quot;}\">\n\t\t\t\t\t\t<div class=\"elementor-container elementor-column-gap-no\">\n\t\t\t\t\t<div class=\"elementor-column elementor-col-100 elementor-top-column elementor-element elementor-element-188ed89\" data-id=\"188ed89\" data-element_type=\"column\">\n\t\t\t<div class=\"elementor-widget-wrap elementor-element-populated\">\n\t\t\t\t\t\t\t\t<div class=\"elementor-element elementor-element-31006bc elementor-widget elementor-widget-slider bdevs-el slider\" data-id=\"31006bc\" data-element_type=\"widget\" data-settings=\"{&quot;design_style&quot;:&quot;style_1&quot;}\" data-widget_type=\"slider.default\">\n\t\t\t\t<div class=\"elementor-widget-container\">\n\t\t\t\r\n\r\n        \r\n        <section class=\"slider1\">\r\n            <div class=\"slider1__wrapper\">\r\n                <div class=\"slider1__active owl-carousel owl-theme\" data-controls=\"{&quot;show_nav&quot;:true,&quot;dot_nav_show&quot;:&quot;&quot;,&quot;auto_nav_slide&quot;:&quot;yes&quot;,&quot;ts_slider_speed&quot;:&quot;5000&quot;}\">\r\n                                        <div class=\"slider1__item slider1__height slider1__img-01 d-flex align-items-center justify-content-center\">\r\n                        <div class=\"slider-bg-img\" data-background=\"https:\/\/zorzalterraplenagem.com.br\/site\/wp-content\/uploads\/2013\/04\/terraplenagem2.jpg\"><\/div>\r\n                                                <div class=\"container\">\r\n                            <div class=\"row\">\r\n                                <div class=\"col-xl-7\">\r\n                                    <div class=\"slider1__content slider-z-index bdevs-el-content\">\r\n                                        \r\n                                        \r\n                                        \r\n                                        <div class=\"fix pb-35\">\r\n                                            <!-- button one  -->\r\n                                             \r\n\r\n                                            <!-- button two  -->\r\n                                                                                    <\/div>\r\n                                    <\/div>\r\n                                <\/div>\r\n                            <\/div>\r\n                        <\/div>\r\n                    <\/div>\r\n                                        <div class=\"slider1__item slider1__height slider1__img-01 d-flex align-items-center justify-content-center\">\r\n                        <div class=\"slider-bg-img\" data-background=\"https:\/\/zorzalterraplenagem.com.br\/site\/wp-content\/uploads\/2013\/04\/conservacao-rodoviaria2.jpg\"><\/div>\r\n                                                <div class=\"container\">\r\n                            <div class=\"row\">\r\n                                <div class=\"col-xl-7\">\r\n                                    <div class=\"slider1__content slider-z-index bdevs-el-content\">\r\n                                        \r\n                                        \r\n                                        \r\n                                        <div class=\"fix pb-35\">\r\n                                            <!-- button one  -->\r\n                                             \r\n\r\n                                            <!-- button two  -->\r\n                                                                                    <\/div>\r\n                                    <\/div>\r\n                                <\/div>\r\n                            <\/div>\r\n                        <\/div>\r\n                    <\/div>\r\n                                        <div class=\"slider1__item slider1__height slider1__img-01 d-flex align-items-center justify-content-center\">\r\n                        <div class=\"slider-bg-img\" data-background=\"https:\/\/zorzalterraplenagem.com.br\/site\/wp-content\/uploads\/2011\/08\/IMG_0048.jpg\"><\/div>\r\n                                                <div class=\"container\">\r\n                            <div class=\"row\">\r\n                                <div class=\"col-xl-7\">\r\n                                    <div class=\"slider1__content slider-z-index bdevs-el-content\">\r\n                                        \r\n                                        \r\n                                        \r\n                                        <div class=\"fix pb-35\">\r\n                                            <!-- button one  -->\r\n                                             \r\n\r\n                                            <!-- button two  -->\r\n                                                                                    <\/div>\r\n                                    <\/div>\r\n                                <\/div>\r\n                            <\/div>\r\n                        <\/div>\r\n                    <\/div>\r\n                                        <div class=\"slider1__item slider1__height slider1__img-01 d-flex align-items-center justify-content-center\">\r\n                        <div class=\"slider-bg-img\" data-background=\"https:\/\/zorzalterraplenagem.com.br\/site\/wp-content\/uploads\/2011\/03\/IMG_0047.jpg\"><\/div>\r\n                                                <div class=\"container\">\r\n                            <div class=\"row\">\r\n                                <div class=\"col-xl-7\">\r\n                                    <div class=\"slider1__content slider-z-index bdevs-el-content\">\r\n                                        \r\n                                        \r\n                                        \r\n                                        <div class=\"fix pb-35\">\r\n                                            <!-- button one  -->\r\n                                             \r\n\r\n                                            <!-- button two  -->\r\n                                                                                    <\/div>\r\n                                    <\/div>\r\n                                <\/div>\r\n                            <\/div>\r\n                        <\/div>\r\n                    <\/div>\r\n                                    <\/div>\r\n            <\/div>\r\n        <\/section>\r\n\r\n        \r\n        \t\t<\/div>\n\t\t\t\t<\/div>\n\t\t\t\t\t<\/div>\n\t\t<\/div>\n\t\t\t\t\t\t\t<\/div>\n\t\t<\/section>\n\t\t<div class=\"elementor-element elementor-element-cbfa0d4 e-flex e-con-boxed e-con e-parent\" data-id=\"cbfa0d4\" data-element_type=\"container\" data-settings=\"{&quot;content_width&quot;:&quot;boxed&quot;}\" data-core-v316-plus=\"true\">\n\t\t\t\t\t<div class=\"e-con-inner\">\n\t\t\t\t<div class=\"elementor-element elementor-element-1c40db9 elementor-hidden-desktop elementor-hidden-tablet elementor-hidden-mobile elementor-widget elementor-widget-text-editor\" data-id=\"1c40db9\" data-element_type=\"widget\" data-widget_type=\"text-editor.default\">\n\t\t\t\t<div class=\"elementor-widget-container\">\n\t\t\t<style>\/*! elementor - v3.16.0 - 14-09-2023 *\/\n.elementor-widget-text-editor.elementor-drop-cap-view-stacked .elementor-drop-cap{background-color:#69727d;color:#fff}.elementor-widget-text-editor.elementor-drop-cap-view-framed .elementor-drop-cap{color:#69727d;border:3px solid;background-color:transparent}.elementor-widget-text-editor:not(.elementor-drop-cap-view-default) .elementor-drop-cap{margin-top:8px}.elementor-widget-text-editor:not(.elementor-drop-cap-view-default) .elementor-drop-cap-letter{width:1em;height:1em}.elementor-widget-text-editor .elementor-drop-cap{float:left;text-align:center;line-height:1;font-size:50px}.elementor-widget-text-editor .elementor-drop-cap-letter{display:inline-block}<\/style>\t\t\t\t<h3>Mix de atividades desenvolvidas pela empresa:<\/h3><ol><li>Drenagem<\/li><li>Pavimenta\u00e7\u00e3o<\/li><li>Conserva\u00e7\u00e3o de Rodovias<\/li><li>Loca\u00e7\u00e3o de equipamentos<\/li><li>Terraplenagem<\/li><li>Usinagem de asfalto a quente (CBUQ)<\/li><\/ol><p><strong>Zorzal<\/strong><br \/>Compromisso com a qualidade e respeito ao meio ambiente em todas as nossas atividades.<\/p>\t\t\t\t\t\t<\/div>\n\t\t\t\t<\/div>\n\t\t\t\t\t<\/div>\n\t\t\t\t<\/div>\n\t\t\t\t\t\t\t<\/div>\n\t\t","protected":false},"excerpt":{"rendered":"<p>Mix de atividades desenvolvidas pela empresa: Drenagem Pavimenta\u00e7\u00e3o Conserva\u00e7\u00e3o de Rodovias Loca\u00e7\u00e3o de equipamentos Terraplenagem Usinagem de asfalto a quente (CBUQ) ZorzalCompromisso com a qualidade e respeito ao meio ambiente em todas as nossas atividades.<\/p>\n","protected":false},"author":1,"featured_media":0,"parent":0,"menu_order":0,"comment_status":"closed","ping_status":"closed","template":"","meta":{"footnotes":""},"acf":[],"_links":{"self":[{"href":"https:\/\/zorzalterraplenagem.com.br\/site\/wp-json\/wp\/v2\/pages\/13"}],"collection":[{"href":"https:\/\/zorzalterraplenagem.com.br\/site\/wp-json\/wp\/v2\/pages"}],"about":[{"href":"https:\/\/zorzalterraplenagem.com.br\/site\/wp-json\/wp\/v2\/types\/page"}],"author":[{"embeddable":true,"href":"https:\/\/zorzalterraplenagem.com.br\/site\/wp-json\/wp\/v2\/users\/1"}],"replies":[{"embeddable":true,"href":"https:\/\/zorzalterraplenagem.com.br\/site\/wp-json\/wp\/v2\/comments?post=13"}],"version-history":[{"count":0,"href":"https:\/\/zorzalterraplenagem.com.br\/site\/wp-json\/wp\/v2\/pages\/13\/revisions"}],"wp:attachment":[{"href":"https:\/\/zorzalterraplenagem.com.br\/site\/wp-json\/wp\/v2\/media?parent=13"}],"curies":[{"name":"wp","href":"https:\/\/api.w.org\/{rel}","templated":true}]}}