{"id":1041,"date":"2013-04-05T11:03:50","date_gmt":"2013-04-05T14:03:50","guid":{"rendered":"http:\/\/zorzalterraplenagem.com.br\/site\/?page_id=1041"},"modified":"2023-09-26T11:34:25","modified_gmt":"2023-09-26T14:34:25","slug":"equipamentos","status":"publish","type":"page","link":"https:\/\/zorzalterraplenagem.com.br\/site\/equipamentos\/","title":{"rendered":"Equipamentos"},"content":{"rendered":"<p>Possu\u00edmos uma completa e moderna frota de equipamentos\/ve\u00edculos, sempre buscando atender com a maior disponibilidade poss\u00edvel em nossas obras e servi\u00e7os.<\/p>\n<ul>\n<li>Retro Escavadeira;<\/li>\n<li>Motoniveladoras;<\/li>\n<li>Trator de Esteiras;<\/li>\n<li>P\u00e1s Carregadeiras;<\/li>\n<li>Escavadeiras Hidraulicas;<\/li>\n<li>Caminh\u00f5es Basculante 6, 16 E 25 M\u00b3;<\/li>\n<li>Rolos Compactadores Pata, Liso e Pneu;<\/li>\n<li>Acabadora de Asfalto com Nivelamento Eletr\u00f4nico;<\/li>\n<li>Espargidor de Asfalto;<\/li>\n<li>Caminh\u00e3o Multidistribuidor de Agregados;<\/li>\n<li>Comboio de Lubrifica\u00e7\u00e3o e Abastecimento;<\/li>\n<li>Caminh\u00f5es Pipa;<\/li>\n<li>Caminh\u00f5es Prancha;<\/li>\n<li>Usina de asfalto Ciber KP 500<\/li>\n<\/ul>\n<p>&nbsp;<\/p>\n<div id='gallery-1' class='gallery galleryid-1041 gallery-columns-3 gallery-size-large'><figure class='gallery-item'>\n\t\t\t<div class='gallery-icon landscape'>\n\t\t\t\t<a href='https:\/\/zorzalterraplenagem.com.br\/site\/equipamentos\/equipamentos-zorzal\/'><img width=\"640\" height=\"480\" src=\"https:\/\/zorzalterraplenagem.com.br\/site\/wp-content\/uploads\/2013\/04\/equipamentos-zorzal-924x693.jpg\" class=\"attachment-large size-large\" alt=\"\" decoding=\"async\" loading=\"lazy\" srcset=\"https:\/\/zorzalterraplenagem.com.br\/site\/wp-content\/uploads\/2013\/04\/equipamentos-zorzal-924x693.jpg 924w, https:\/\/zorzalterraplenagem.com.br\/site\/wp-content\/uploads\/2013\/04\/equipamentos-zorzal-604x453.jpg 604w, https:\/\/zorzalterraplenagem.com.br\/site\/wp-content\/uploads\/2013\/04\/equipamentos-zorzal.jpg 1024w\" sizes=\"(max-width: 640px) 100vw, 640px\" \/><\/a>\n\t\t\t<\/div><\/figure><figure class='gallery-item'>\n\t\t\t<div class='gallery-icon landscape'>\n\t\t\t\t<a href='https:\/\/zorzalterraplenagem.com.br\/site\/equipamentos\/equipamentos-zorzal-2\/'><img width=\"640\" height=\"480\" src=\"https:\/\/zorzalterraplenagem.com.br\/site\/wp-content\/uploads\/2013\/04\/equipamentos-zorzal-2-924x693.jpg\" class=\"attachment-large size-large\" alt=\"\" decoding=\"async\" loading=\"lazy\" srcset=\"https:\/\/zorzalterraplenagem.com.br\/site\/wp-content\/uploads\/2013\/04\/equipamentos-zorzal-2-924x693.jpg 924w, https:\/\/zorzalterraplenagem.com.br\/site\/wp-content\/uploads\/2013\/04\/equipamentos-zorzal-2-604x453.jpg 604w, https:\/\/zorzalterraplenagem.com.br\/site\/wp-content\/uploads\/2013\/04\/equipamentos-zorzal-2.jpg 1024w\" sizes=\"(max-width: 640px) 100vw, 640px\" \/><\/a>\n\t\t\t<\/div><\/figure><figure class='gallery-item'>\n\t\t\t<div class='gallery-icon landscape'>\n\t\t\t\t<a href='https:\/\/zorzalterraplenagem.com.br\/site\/equipamentos\/equipamentos-zorzal-3\/'><img width=\"640\" height=\"480\" src=\"https:\/\/zorzalterraplenagem.com.br\/site\/wp-content\/uploads\/2013\/04\/equipamentos-zorzal-3-924x693.jpg\" class=\"attachment-large size-large\" alt=\"\" decoding=\"async\" loading=\"lazy\" srcset=\"https:\/\/zorzalterraplenagem.com.br\/site\/wp-content\/uploads\/2013\/04\/equipamentos-zorzal-3-924x693.jpg 924w, https:\/\/zorzalterraplenagem.com.br\/site\/wp-content\/uploads\/2013\/04\/equipamentos-zorzal-3-604x453.jpg 604w, https:\/\/zorzalterraplenagem.com.br\/site\/wp-content\/uploads\/2013\/04\/equipamentos-zorzal-3.jpg 1024w\" sizes=\"(max-width: 640px) 100vw, 640px\" \/><\/a>\n\t\t\t<\/div><\/figure><figure class='gallery-item'>\n\t\t\t<div class='gallery-icon landscape'>\n\t\t\t\t<a href='https:\/\/zorzalterraplenagem.com.br\/site\/equipamentos\/equipamentos-zorzal-4\/'><img width=\"640\" height=\"480\" src=\"https:\/\/zorzalterraplenagem.com.br\/site\/wp-content\/uploads\/2013\/04\/equipamentos-zorzal-4-924x693.jpg\" class=\"attachment-large size-large\" alt=\"\" decoding=\"async\" loading=\"lazy\" srcset=\"https:\/\/zorzalterraplenagem.com.br\/site\/wp-content\/uploads\/2013\/04\/equipamentos-zorzal-4-924x693.jpg 924w, https:\/\/zorzalterraplenagem.com.br\/site\/wp-content\/uploads\/2013\/04\/equipamentos-zorzal-4-604x453.jpg 604w, https:\/\/zorzalterraplenagem.com.br\/site\/wp-content\/uploads\/2013\/04\/equipamentos-zorzal-4.jpg 1024w\" sizes=\"(max-width: 640px) 100vw, 640px\" \/><\/a>\n\t\t\t<\/div><\/figure><figure class='gallery-item'>\n\t\t\t<div class='gallery-icon landscape'>\n\t\t\t\t<a href='https:\/\/zorzalterraplenagem.com.br\/site\/equipamentos\/equipamentos-zorzal-5\/'><img width=\"640\" height=\"480\" src=\"https:\/\/zorzalterraplenagem.com.br\/site\/wp-content\/uploads\/2013\/04\/equipamentos-zorzal-5-924x693.jpg\" class=\"attachment-large size-large\" alt=\"\" decoding=\"async\" loading=\"lazy\" srcset=\"https:\/\/zorzalterraplenagem.com.br\/site\/wp-content\/uploads\/2013\/04\/equipamentos-zorzal-5-924x693.jpg 924w, https:\/\/zorzalterraplenagem.com.br\/site\/wp-content\/uploads\/2013\/04\/equipamentos-zorzal-5-604x453.jpg 604w, https:\/\/zorzalterraplenagem.com.br\/site\/wp-content\/uploads\/2013\/04\/equipamentos-zorzal-5.jpg 1024w\" sizes=\"(max-width: 640px) 100vw, 640px\" \/><\/a>\n\t\t\t<\/div><\/figure><figure class='gallery-item'>\n\t\t\t<div class='gallery-icon landscape'>\n\t\t\t\t<a href='https:\/\/zorzalterraplenagem.com.br\/site\/equipamentos\/equipamentos-zorzal-06\/'><img width=\"640\" height=\"480\" src=\"https:\/\/zorzalterraplenagem.com.br\/site\/wp-content\/uploads\/2013\/04\/equipamentos-zorzal-06-924x693.jpg\" class=\"attachment-large size-large\" alt=\"\" decoding=\"async\" loading=\"lazy\" srcset=\"https:\/\/zorzalterraplenagem.com.br\/site\/wp-content\/uploads\/2013\/04\/equipamentos-zorzal-06-924x693.jpg 924w, https:\/\/zorzalterraplenagem.com.br\/site\/wp-content\/uploads\/2013\/04\/equipamentos-zorzal-06-604x453.jpg 604w, https:\/\/zorzalterraplenagem.com.br\/site\/wp-content\/uploads\/2013\/04\/equipamentos-zorzal-06.jpg 1024w\" sizes=\"(max-width: 640px) 100vw, 640px\" \/><\/a>\n\t\t\t<\/div><\/figure><figure class='gallery-item'>\n\t\t\t<div class='gallery-icon landscape'>\n\t\t\t\t<a href='https:\/\/zorzalterraplenagem.com.br\/site\/equipamentos\/tratamento-de-asfalto-da-est\/'><img width=\"640\" height=\"480\" src=\"https:\/\/zorzalterraplenagem.com.br\/site\/wp-content\/uploads\/2013\/04\/tratamento-de-asfalto-da-est-924x693.jpg\" class=\"attachment-large size-large\" alt=\"\" decoding=\"async\" loading=\"lazy\" srcset=\"https:\/\/zorzalterraplenagem.com.br\/site\/wp-content\/uploads\/2013\/04\/tratamento-de-asfalto-da-est-924x693.jpg 924w, https:\/\/zorzalterraplenagem.com.br\/site\/wp-content\/uploads\/2013\/04\/tratamento-de-asfalto-da-est-604x453.jpg 604w, https:\/\/zorzalterraplenagem.com.br\/site\/wp-content\/uploads\/2013\/04\/tratamento-de-asfalto-da-est.jpg 1024w\" sizes=\"(max-width: 640px) 100vw, 640px\" \/><\/a>\n\t\t\t<\/div><\/figure>\n\t\t<\/div>\n\n<p>&nbsp;<\/p>\n<p>&nbsp;<\/p>\n","protected":false},"excerpt":{"rendered":"<p>Possu\u00edmos uma completa e moderna frota de equipamentos\/ve\u00edculos, sempre buscando atender com a maior disponibilidade poss\u00edvel em nossas obras e servi\u00e7os. Retro Escavadeira; Motoniveladoras; Trator de Esteiras; P\u00e1s Carregadeiras; Escavadeiras Hidraulicas; Caminh\u00f5es Basculante 6, 16 E 25 M\u00b3; Rolos Compactadores Pata, Liso e Pneu; Acabadora de Asfalto com Nivelamento Eletr\u00f4nico; Espargidor de Asfalto; Caminh\u00e3o Multidistribuidor [&hellip;]<\/p>\n","protected":false},"author":2,"featured_media":0,"parent":0,"menu_order":0,"comment_status":"closed","ping_status":"closed","template":"","meta":{"footnotes":""},"acf":[],"_links":{"self":[{"href":"https:\/\/zorzalterraplenagem.com.br\/site\/wp-json\/wp\/v2\/pages\/1041"}],"collection":[{"href":"https:\/\/zorzalterraplenagem.com.br\/site\/wp-json\/wp\/v2\/pages"}],"about":[{"href":"https:\/\/zorzalterraplenagem.com.br\/site\/wp-json\/wp\/v2\/types\/page"}],"author":[{"embeddable":true,"href":"https:\/\/zorzalterraplenagem.com.br\/site\/wp-json\/wp\/v2\/users\/2"}],"replies":[{"embeddable":true,"href":"https:\/\/zorzalterraplenagem.com.br\/site\/wp-json\/wp\/v2\/comments?post=1041"}],"version-history":[{"count":0,"href":"https:\/\/zorzalterraplenagem.com.br\/site\/wp-json\/wp\/v2\/pages\/1041\/revisions"}],"wp:attachment":[{"href":"https:\/\/zorzalterraplenagem.com.br\/site\/wp-json\/wp\/v2\/media?parent=1041"}],"curies":[{"name":"wp","href":"https:\/\/api.w.org\/{rel}","templated":true}]}}